{"id":266,"date":"2017-10-10T22:27:05","date_gmt":"2017-10-11T01:27:05","guid":{"rendered":"http:\/\/mjab.adv.br\/escritorio\/"},"modified":"2025-01-29T15:30:19","modified_gmt":"2025-01-29T18:30:19","slug":"escritorio","status":"publish","type":"page","link":"https:\/\/antigomjab.letsite.com.br\/es\/escritorio\/","title":{"rendered":"Despacho"},"content":{"rendered":"<p>Nuestro bufete surgi\u00f3 en enero de 2017 con la finalidad de lanzar una luz nueva sobre la abogac\u00eda en Brasil y contribuir con el proceso de formulaci\u00f3n de pol\u00edticas p\u00fablicas y mejor\u00eda del ambiente regulador en el pa\u00eds.<\/p>\n<p>MJ Alves Burle e Viana Advogados (MJAB) es el primer bufete especializado en incidencia pol\u00edtica en Brasil y act\u00faa en defensa de los intereses de sectores, empresas y organizaciones mediante una consultor\u00eda jur\u00eddica especializada y alianzas estrat\u00e9gicas que contribuyen para an\u00e1lisis pol\u00edticos, econ\u00f3micos y sociales, pautados siempre por la \u00e9tica y la transparencia de las relaciones con sus interlocutores.<\/p>\n<p>MJAB busca las mejores soluciones para las demandas judiciales y reguladoras de sus clientes, con precisi\u00f3n, seguridad y rigor t\u00e9cnico. Queremos contribuir tanto para la formulaci\u00f3n de pol\u00edticas p\u00fablicas y la mejor\u00eda del ambiente empresarial como para la promoci\u00f3n de las pr\u00e1cticas de incidencia pol\u00edtica en el pa\u00eds.<\/p>\n<p>Conducimos nuestro trabajo encauzados por el C\u00f3digo de \u00c9tica de la Orden de Abogados de Brasil y tambi\u00e9n por nuestro propio C\u00f3digo de Conducta.<\/p>\n<p>Nuestra actuaci\u00f3n ha sido reconocida por las m\u00e1s renombradas publicaciones internacionales, como <em>The Legal 500 Latin America 2017, Chambers and Partners 2018 <\/em>y<em> TheTax Controversy Leaders Guide.<\/em><\/p>\n","protected":false},"excerpt":{"rendered":"<p>Nuestro bufete surgi\u00f3 en enero de 2017 con la finalidad de lanzar una luz nueva sobre la abogac\u00eda en Brasil y contribuir con el proceso de formulaci\u00f3n de pol\u00edticas p\u00fablicas y mejor\u00eda del ambiente regulador en el pa\u00eds. MJ Alves Burle e Viana Advogados (MJAB) es el primer bufete especializado en incidencia pol\u00edtica en Brasil [&hellip;]<\/p>\n","protected":false},"author":1,"featured_media":0,"parent":0,"menu_order":0,"comment_status":"closed","ping_status":"closed","template":"page-escritorio.php","meta":{"om_disable_all_campaigns":false,"_monsterinsights_skip_tracking":false,"_monsterinsights_sitenote_active":false,"_monsterinsights_sitenote_note":"","_monsterinsights_sitenote_category":0,"footnotes":""},"class_list":["post-266","page","type-page","status-publish","hentry"],"aioseo_notices":[],"_links":{"self":[{"href":"https:\/\/antigomjab.letsite.com.br\/es\/wp-json\/wp\/v2\/pages\/266","targetHints":{"allow":["GET"]}}],"collection":[{"href":"https:\/\/antigomjab.letsite.com.br\/es\/wp-json\/wp\/v2\/pages"}],"about":[{"href":"https:\/\/antigomjab.letsite.com.br\/es\/wp-json\/wp\/v2\/types\/page"}],"author":[{"embeddable":true,"href":"https:\/\/antigomjab.letsite.com.br\/es\/wp-json\/wp\/v2\/users\/1"}],"replies":[{"embeddable":true,"href":"https:\/\/antigomjab.letsite.com.br\/es\/wp-json\/wp\/v2\/comments?post=266"}],"version-history":[{"count":13,"href":"https:\/\/antigomjab.letsite.com.br\/es\/wp-json\/wp\/v2\/pages\/266\/revisions"}],"predecessor-version":[{"id":5121,"href":"https:\/\/antigomjab.letsite.com.br\/es\/wp-json\/wp\/v2\/pages\/266\/revisions\/5121"}],"wp:attachment":[{"href":"https:\/\/antigomjab.letsite.com.br\/es\/wp-json\/wp\/v2\/media?parent=266"}],"curies":[{"name":"wp","href":"https:\/\/api.w.org\/{rel}","templated":true}]}}