{"id":258,"date":"2017-10-10T22:27:20","date_gmt":"2017-10-11T01:27:20","guid":{"rendered":"http:\/\/mjab.adv.br\/contencioso-estrategico\/"},"modified":"2021-06-07T19:13:36","modified_gmt":"2021-06-07T22:13:36","slug":"contencioso-estrategico","status":"publish","type":"page","link":"https:\/\/antigomjab.letsite.com.br\/fr\/contencioso-estrategico\/","title":{"rendered":"Contentieux Strat\u00e9gique"},"content":{"rendered":"<p>La grande exp\u00e9rience de notre \u00e9quipe dans les disputes judiciaires nous permet d\u2019intervenir \u00e0 plusieurs niveaux, paar exemple les imp\u00f4ts locaux, r\u00e9gionaux et f\u00e9d\u00e9raux. Nos avocats interviennent dans les proc\u00e8s de discussions fiscales plus importantes aupr\u00e8s de la Cour Supr\u00eame F\u00e9d\u00e9rale (<em>Supremo Tribunal Federal<\/em>) et de la Cour Sup\u00e9rieure de Justice (<em>Superior Tribunal de Justi\u00e7a<\/em>) avec une vision strat\u00e9gique des aspects plus importants pour la prise de d\u00e9cisions et la pr\u00e9vention des litiges.<\/p>\n<p>Ayant une solide \u00e9quipe de relations gouvernementales, nous travaillons ensemble pour d\u00e9velopper une strat\u00e9gie de 360\u00ba pour chaque dossier. Notre abordage d\u2019intelligence tient compte de quatre perspectives diff\u00e9rentes : la juridique, la politique, l\u2019\u00e9conomique et la sociale. A partir de cette analyse, nous disposons d\u2019une vision plus large de l\u2019affaire et nous r\u00e9ussissons \u00e0 \u00e9tablir la meilleure approche pour d\u00e9fendre nos clients.<\/p>\n<p>Nous sommes toujours pr\u00eats \u00e0 comprendre les besoins de nos clients et \u00e0 fournir des solutions sur mesure \u00e0 plusieurs situations, y inclus des services juridiques qui appuient les strat\u00e9gies entrepreneuriales.<\/p>\n<p><strong>\u00a0<\/strong><\/p>\n<p><strong>Nos Activit\u00e9s<\/strong><\/p>\n<ul>\n<li>Repr\u00e9sentation du client dans le cadre des proc\u00e9dures aupr\u00e8s des tribunaux sup\u00e9rieurs<\/li>\n<li>Orientation juridique et \u00e9laboration du mat\u00e9riel technique selon la strat\u00e9gie adopt\u00e9e<\/li>\n<li>Sch\u00e9matisation et \u00e9valuation des circonstances qui d\u00e9terminent l\u2019environnement d\u00e9cisionnel de chaque affaire<\/li>\n<li>Collecte des donn\u00e9es importantes de chaque affaire \u00e0 fin d\u2019identifier la jurisprudence et la doctrine applicables<\/li>\n<li>\u00c9laboration d\u2019avis et d\u2019opinions l\u00e9gales sur l\u2019environnement juridique de sujets sp\u00e9cifiques demand\u00e9s par les clients<\/li>\n<li>Analyse strat\u00e9gique des litiges pour v\u00e9rifier le panorama et les possibilit\u00e9s de solutions consensuelles<\/li>\n<li>Obtention d\u2019avis, de notes techniques, de d\u00e9cisions et d\u2019autres subsides n\u00e9cessaires \u00e0 l\u2019intervention<\/li>\n<\/ul>\n","protected":false},"excerpt":{"rendered":"<p>La grande exp\u00e9rience de notre \u00e9quipe dans les disputes judiciaires nous permet d\u2019intervenir \u00e0 plusieurs niveaux, paar exemple les imp\u00f4ts locaux, r\u00e9gionaux et f\u00e9d\u00e9raux. Nos avocats interviennent dans les proc\u00e8s de discussions fiscales plus importantes aupr\u00e8s de la Cour Supr\u00eame F\u00e9d\u00e9rale (Supremo Tribunal Federal) et de la Cour Sup\u00e9rieure de Justice (Superior Tribunal de Justi\u00e7a) [&hellip;]<\/p>\n","protected":false},"author":1,"featured_media":0,"parent":0,"menu_order":0,"comment_status":"closed","ping_status":"closed","template":"","meta":{"om_disable_all_campaigns":false,"_monsterinsights_skip_tracking":false,"_monsterinsights_sitenote_active":false,"_monsterinsights_sitenote_note":"","_monsterinsights_sitenote_category":0,"footnotes":""},"class_list":["post-258","page","type-page","status-publish","hentry"],"aioseo_notices":[],"_links":{"self":[{"href":"https:\/\/antigomjab.letsite.com.br\/fr\/wp-json\/wp\/v2\/pages\/258","targetHints":{"allow":["GET"]}}],"collection":[{"href":"https:\/\/antigomjab.letsite.com.br\/fr\/wp-json\/wp\/v2\/pages"}],"about":[{"href":"https:\/\/antigomjab.letsite.com.br\/fr\/wp-json\/wp\/v2\/types\/page"}],"author":[{"embeddable":true,"href":"https:\/\/antigomjab.letsite.com.br\/fr\/wp-json\/wp\/v2\/users\/1"}],"replies":[{"embeddable":true,"href":"https:\/\/antigomjab.letsite.com.br\/fr\/wp-json\/wp\/v2\/comments?post=258"}],"version-history":[{"count":5,"href":"https:\/\/antigomjab.letsite.com.br\/fr\/wp-json\/wp\/v2\/pages\/258\/revisions"}],"predecessor-version":[{"id":2220,"href":"https:\/\/antigomjab.letsite.com.br\/fr\/wp-json\/wp\/v2\/pages\/258\/revisions\/2220"}],"wp:attachment":[{"href":"https:\/\/antigomjab.letsite.com.br\/fr\/wp-json\/wp\/v2\/media?parent=258"}],"curies":[{"name":"wp","href":"https:\/\/api.w.org\/{rel}","templated":true}]}}